{"id":50,"date":"2025-12-19T09:24:23","date_gmt":"2025-12-19T09:24:23","guid":{"rendered":"https:\/\/arifene.fr\/?page_id=50"},"modified":"2025-12-19T09:56:40","modified_gmt":"2025-12-19T09:56:40","slug":"a-propos","status":"publish","type":"page","link":"https:\/\/arifene.fr\/index.php\/a-propos\/","title":{"rendered":"A propos"},"content":{"rendered":"\n<p>Au fil du temps, se sont accumul\u00e9s des textes concis, des pens\u00e9es, parfois des analyses plus exigeantes, n\u00e9es d\u2019une attention port\u00e9e au monde contemporain.<br>Ils abordent des questions li\u00e9es \u00e0 la soci\u00e9t\u00e9, \u00e0 la politique, \u00e0 l\u2019\u00e9cologie, \u00e0 la dignit\u00e9 humaine, mais aussi \u00e0 la conscience, \u00e0 la responsabilit\u00e9 individuelle et \u00e0 ce lien discret qui relie l\u2019individu au collectif.<\/p>\n\n\n\n<p>Ces \u00e9crits ne cherchent ni \u00e0 convaincre \u00e0 tout prix, ni \u00e0 flatter l\u2019air du temps.<br>Ils expriment une perspective personnelle, fa\u00e7onn\u00e9e par des lectures, des exp\u00e9riences, et parfois par le silence. Ils n\u2019engagent que leur auteur.<\/p>\n\n\n\n<p>Ce site a \u00e9t\u00e9 cr\u00e9\u00e9 pour permettre la diffusion ind\u00e9pendante de ces textes, sans objectif lucratif et en dehors des cadres \u00e9ditoriaux traditionnels.<br>Il se veut un espace sobre et exigeant, o\u00f9 l\u2019expression demeure libre tout en restant responsable.<\/p>\n\n\n\n<p>Les contenus publi\u00e9s rel\u00e8vent de la libert\u00e9 d\u2019expression.<br>Ils ne constituent ni des recommandations, ni des injonctions, ni des directives de quelque nature que ce soit.<\/p>\n\n\n\n<p>Lorsqu\u2019il y a lieu, un droit de r\u00e9ponse peut \u00eatre exerc\u00e9 selon les modalit\u00e9s pr\u00e9cis\u00e9es dans la charte d\u00e9di\u00e9e, dans un cadre respectueux et non public.<\/p>\n\n\n\n<p>Je n\u2019\u00e9cris pas ici pour imposer.<br>Je n\u2019\u00e9cris pas pour s\u00e9duire.<\/p>\n\n\n\n<p>Ce site s\u2019adresse \u00e0 celles et ceux qui prennent le temps de lire, de questionner, et de r\u00e9fl\u00e9chir.<\/p>\n\n\n\n<p>Sidoine Arifene<\/p>\n","protected":false},"excerpt":{"rendered":"<p>Au fil du temps, se sont accumul\u00e9s des textes concis, des pens\u00e9es, parfois des analyses plus exigeantes, n\u00e9es d\u2019une attention port\u00e9e au monde contemporain.Ils abordent des questions li\u00e9es \u00e0 la soci\u00e9t\u00e9, \u00e0 la politique, \u00e0 l\u2019\u00e9cologie, \u00e0 la dignit\u00e9 humaine, mais aussi \u00e0 la conscience, \u00e0 la responsabilit\u00e9 individuelle et \u00e0 ce lien discret qui [&hellip;]<\/p>\n","protected":false},"author":1,"featured_media":0,"parent":0,"menu_order":0,"comment_status":"closed","ping_status":"closed","template":"","meta":{"footnotes":""},"class_list":["post-50","page","type-page","status-publish","hentry"],"jetpack_sharing_enabled":true,"_links":{"self":[{"href":"https:\/\/arifene.fr\/index.php\/wp-json\/wp\/v2\/pages\/50","targetHints":{"allow":["GET"]}}],"collection":[{"href":"https:\/\/arifene.fr\/index.php\/wp-json\/wp\/v2\/pages"}],"about":[{"href":"https:\/\/arifene.fr\/index.php\/wp-json\/wp\/v2\/types\/page"}],"author":[{"embeddable":true,"href":"https:\/\/arifene.fr\/index.php\/wp-json\/wp\/v2\/users\/1"}],"replies":[{"embeddable":true,"href":"https:\/\/arifene.fr\/index.php\/wp-json\/wp\/v2\/comments?post=50"}],"version-history":[{"count":4,"href":"https:\/\/arifene.fr\/index.php\/wp-json\/wp\/v2\/pages\/50\/revisions"}],"predecessor-version":[{"id":56,"href":"https:\/\/arifene.fr\/index.php\/wp-json\/wp\/v2\/pages\/50\/revisions\/56"}],"wp:attachment":[{"href":"https:\/\/arifene.fr\/index.php\/wp-json\/wp\/v2\/media?parent=50"}],"curies":[{"name":"wp","href":"https:\/\/api.w.org\/{rel}","templated":true}]}}