{"id":338,"date":"2026-01-03T14:25:20","date_gmt":"2026-01-03T14:25:20","guid":{"rendered":"https:\/\/arifene.fr\/?page_id=338"},"modified":"2026-01-03T14:46:39","modified_gmt":"2026-01-03T14:46:39","slug":"le-chat-zabulon-28-les-talismans-de-la-gratitude","status":"publish","type":"page","link":"https:\/\/arifene.fr\/index.php\/le-chat-zabulon-28-les-talismans-de-la-gratitude\/","title":{"rendered":"Le chat Zabulon \u2013 28 \u2013 Les talismans de la gratitude"},"content":{"rendered":"\n<p>Le soleil se leva sur la plaine, dorant les huttes branlantes d\u2019une lumi\u00e8re neuve. L\u00e0 o\u00f9 r\u00e9gnait hier la peur, un souffle d\u2019esp\u00e9rance circulait. Les habitants, rassembl\u00e9s autour du foyer rallum\u00e9, parlaient bas, \u00e9changeaient du pain, souriaient timidement.<\/p>\n\n\n\n<p>Ambre guida les jeunes hommes dans la r\u00e9paration des palissades, leur montrant comment solidifier les entr\u00e9es. F\u00e9lix aida les enfants \u00e0 porter l\u2019eau de la source voisine, et fut surpris de les entendre rire, leurs \u00e9clats brisant la lourde chape de silence qui pesait la veille. Nabil, assis aupr\u00e8s des anciens, r\u00e9citait \u00e0 voix douce des pri\u00e8res de patience et de confiance, \u00e9cout\u00e9es avec une attention presque religieuse.<\/p>\n\n\n\n<p>La communaut\u00e9 se r\u00e9organisait. Les craintes n\u2019\u00e9taient pas effac\u00e9es, mais elles avaient c\u00e9d\u00e9 la place \u00e0 une volont\u00e9 nouvelle : vivre encore, ensemble.<\/p>\n\n\n\n<hr class=\"wp-block-separator has-alpha-channel-opacity\"\/>\n\n\n\n<h2 class=\"wp-block-heading\">Le conseil des anciens<\/h2>\n\n\n\n<p>Au cr\u00e9puscule, les habitants se rassembl\u00e8rent. Le vieillard qui les avait accueillis la veille prit la parole :<\/p>\n\n\n\n<ul class=\"wp-block-list\">\n<li>\u00ab&nbsp;Vous nous avez rendu plus qu\u2019un feu. Vous nous avez rendu l\u2019espoir. Nous n\u2019avons que peu \u00e0 offrir\u2026 mais acceptez ceci, en signe de gratitude.&nbsp;\u00bb<\/li>\n<\/ul>\n\n\n\n<p>Trois femmes s\u2019avanc\u00e8rent, chacune tenant dans ses mains un petit objet fa\u00e7onn\u00e9 de pierre et de m\u00e9tal. Elles les tendirent aux voyageurs.<\/p>\n\n\n\n<hr class=\"wp-block-separator has-alpha-channel-opacity\"\/>\n\n\n\n<h2 class=\"wp-block-heading\">Le talisman de F\u00e9lix<\/h2>\n\n\n\n<p>\u00c0 F\u00e9lix, elles donn\u00e8rent un pendentif de pierre translucide, grav\u00e9 d\u2019un motif spiral\u00e9.<\/p>\n\n\n\n<ul class=\"wp-block-list\">\n<li>\u00ab&nbsp;Cette pierre garde la m\u00e9moire de celui qui doute.&nbsp;\u00bb<\/li>\n\n\n\n<li>\u00ab&nbsp;Elle s\u2019illumine quand tu trouves ta voix, expliqua l\u2019une des femmes.&nbsp;\u00bb<\/li>\n<\/ul>\n\n\n\n<p>F\u00e9lix la passa autour de son cou. Elle resta terne, mais il sentit une chaleur subtile contre sa poitrine, comme une promesse.<\/p>\n\n\n\n<p>\u00ad&nbsp;&nbsp;<\/p>\n\n\n\n<hr class=\"wp-block-separator has-alpha-channel-opacity\"\/>\n\n\n\n<h2 class=\"wp-block-heading\">Le talisman d\u2019Ambre<\/h2>\n\n\n\n<p>\u00c0 Ambre, elles offrirent un bracelet d\u2019argent souple, orn\u00e9 d\u2019un symbole en forme de flamme.<\/p>\n\n\n\n<ul class=\"wp-block-list\">\n<li>\u00ab&nbsp;Ce feu est ta force, dit une autre.&nbsp;\u00bb<\/li>\n\n\n\n<li>\u00ab&nbsp;Pour que ta beaut\u00e9 ne soit pas une arme pour s\u00e9duire, mais une lumi\u00e8re pour guider.&nbsp;\u00bb<\/li>\n<\/ul>\n\n\n\n<p>Ambre accepta sans un mot, mais son regard se fit plus doux, comme apais\u00e9.<\/p>\n\n\n\n<p>\u00ad&nbsp;&nbsp;<\/p>\n\n\n\n<hr class=\"wp-block-separator has-alpha-channel-opacity\"\/>\n\n\n\n<h2 class=\"wp-block-heading\">Le talisman de Nabil<\/h2>\n\n\n\n<p>Enfin, \u00e0 Nabil, elles tendirent une petite amulette de cuivre, incrust\u00e9e d\u2019une pierre sombre.<\/p>\n\n\n\n<ul class=\"wp-block-list\">\n<li>\u00ab&nbsp;Ce talisman veille sur ceux qui portent la foi.&nbsp;\u00bb<\/li>\n\n\n\n<li>\u00ab&nbsp;Il se r\u00e9chauffera quand tu marcheras sur le chemin de v\u00e9rit\u00e9.&nbsp;\u00bb<\/li>\n<\/ul>\n\n\n\n<p>Le gar\u00e7on prit l\u2019amulette avec gravit\u00e9, posa la main sur sa poitrine et dit :<\/p>\n\n\n\n<ul class=\"wp-block-list\">\n<li>\u00ab&nbsp;Merci mon Dieu .&nbsp;\u00bb<\/li>\n<\/ul>\n\n\n\n<p>Un frisson parcourut l\u2019assembl\u00e9e, comme si ce mot avait b\u00e9ni tout le village.<\/p>\n\n\n\n<hr class=\"wp-block-separator has-alpha-channel-opacity\"\/>\n\n\n\n<h2 class=\"wp-block-heading\">La veille de Zabulon<\/h2>\n\n\n\n<p>Zabulon, assis pr\u00e8s du feu, observait la sc\u00e8ne. Sa voix r\u00e9sonna dans l\u2019esprit des trois compagnons :<\/p>\n\n\n\n<ul class=\"wp-block-list\">\n<li>\u00ab&nbsp;Ces talismans ne sont pas que des symboles. Ils sont li\u00e9s \u00e0 vos \u00e9preuves. Prenez-en soin : ils vous prot\u00e8geront autant qu\u2019ils vous rappelleront qui vous \u00eates.&nbsp;\u00bb<\/li>\n<\/ul>\n\n\n\n<p>La nuit tomba. La communaut\u00e9, rassembl\u00e9e, chanta pour la premi\u00e8re fois depuis des mois. Des voix faibles, mais unies.<\/p>\n\n\n\n<p>Ambre, F\u00e9lix et Nabil rest\u00e8rent debout \u00e0 la lisi\u00e8re du camp, leurs nouveaux talismans brillants \u00e0 la lueur du feu. Ils savaient que ce n\u2019\u00e9tait que le d\u00e9but.<\/p>\n\n\n\n<p><a href=\"https:\/\/arifene.fr\/index.php\/2025\/12\/24\/les-aventures-du-chat-zabulon\/\">\u2b06\ufe0f<\/a><a href=\"https:\/\/arifene.fr\/index.php\/le-chat-zabulon-29-lenigme-des-adieux\/\" data-type=\"page\" data-id=\"340\">\u27a1\ufe0f<\/a><\/p>\n","protected":false},"excerpt":{"rendered":"<p>Le soleil se leva sur la plaine, dorant les huttes branlantes d\u2019une lumi\u00e8re neuve. L\u00e0 o\u00f9 r\u00e9gnait hier la peur, un souffle d\u2019esp\u00e9rance circulait. Les habitants, rassembl\u00e9s autour du foyer rallum\u00e9, parlaient bas, \u00e9changeaient du pain, souriaient timidement. Ambre guida les jeunes hommes dans la r\u00e9paration des palissades, leur montrant comment solidifier les entr\u00e9es. F\u00e9lix [&hellip;]<\/p>\n","protected":false},"author":1,"featured_media":0,"parent":0,"menu_order":0,"comment_status":"closed","ping_status":"closed","template":"","meta":{"footnotes":""},"class_list":["post-338","page","type-page","status-publish","hentry"],"_links":{"self":[{"href":"https:\/\/arifene.fr\/index.php\/wp-json\/wp\/v2\/pages\/338","targetHints":{"allow":["GET"]}}],"collection":[{"href":"https:\/\/arifene.fr\/index.php\/wp-json\/wp\/v2\/pages"}],"about":[{"href":"https:\/\/arifene.fr\/index.php\/wp-json\/wp\/v2\/types\/page"}],"author":[{"embeddable":true,"href":"https:\/\/arifene.fr\/index.php\/wp-json\/wp\/v2\/users\/1"}],"replies":[{"embeddable":true,"href":"https:\/\/arifene.fr\/index.php\/wp-json\/wp\/v2\/comments?post=338"}],"version-history":[{"count":2,"href":"https:\/\/arifene.fr\/index.php\/wp-json\/wp\/v2\/pages\/338\/revisions"}],"predecessor-version":[{"id":460,"href":"https:\/\/arifene.fr\/index.php\/wp-json\/wp\/v2\/pages\/338\/revisions\/460"}],"wp:attachment":[{"href":"https:\/\/arifene.fr\/index.php\/wp-json\/wp\/v2\/media?parent=338"}],"curies":[{"name":"wp","href":"https:\/\/api.w.org\/{rel}","templated":true}]}}