{"id":322,"date":"2026-01-03T13:59:00","date_gmt":"2026-01-03T13:59:00","guid":{"rendered":"https:\/\/arifene.fr\/?page_id=322"},"modified":"2026-01-03T14:19:31","modified_gmt":"2026-01-03T14:19:31","slug":"le-chat-zabulon-20-lautre-rive-du-seuil","status":"publish","type":"page","link":"https:\/\/arifene.fr\/index.php\/le-chat-zabulon-20-lautre-rive-du-seuil\/","title":{"rendered":"Le chat Zabulon \u2013 20 \u2013 L\u2019autre rive du seuil"},"content":{"rendered":"\n<p>Leurs mains li\u00e9es, ils franchirent ensemble le seuil lumineux.<\/p>\n\n\n\n<p>Aussit\u00f4t, une onde les traversa, chaude et glaciale \u00e0 la fois, comme si tout leur corps \u00e9tait retourn\u00e9. Mais au lieu du vertige qui les avait pris lors de la premi\u00e8re faille, cette fois, ce fut comme une pouss\u00e9e en avant : leurs pas ne ralentirent pas, ils furent projet\u00e9s au-del\u00e0.<\/p>\n\n\n\n<p>Le monde qui s\u2019ouvrit devant eux leur coupa le souffle.<\/p>\n\n\n\n<p>Ils se tenaient au sommet d\u2019une vaste esplanade circulaire, pav\u00e9e de pierres translucides qui brillaient doucement sous leurs pieds. Tout autour, s\u2019\u00e9levait une cit\u00e9 immense, mais sans murs, sans toits : une architecture de lumi\u00e8re. Des tours cristallines s\u2019\u00e9lan\u00e7aient vers le ciel, mais leur mati\u00e8re changeait \u00e0 chaque regard : verre, eau, m\u00e9tal, puis air pur. Les rues s\u2019ouvraient en spirales, convergeant vers un centre o\u00f9 pulsait un immense ob\u00e9lisque iridescent, battant comme un c\u0153ur.<\/p>\n\n\n\n<p>F\u00e9lix resta bouche b\u00e9e, incapable de parler.<\/p>\n\n\n\n<ul class=\"wp-block-list\">\n<li>\u00ab&nbsp;C\u2019est\u2026 une ville ?&nbsp;\u00bb<\/li>\n<\/ul>\n\n\n\n<p>Ambre fron\u00e7a les sourcils, son regard vif balayant l\u2019horizon.<\/p>\n\n\n\n<ul class=\"wp-block-list\">\n<li>\u00ab&nbsp;Non. C\u2019est plus que \u00e7a. C\u2019est\u2026 vivant.&nbsp;\u00bb<\/li>\n<\/ul>\n\n\n\n<p>Autour d\u2019eux, des silhouettes apparaissaient, translucides, drap\u00e9es de halos. Certaines semblaient humaines, d\u2019autres portaient des formes plus \u00e9tranges, mais toutes rayonnaient d\u2019une s\u00e9r\u00e9nit\u00e9 \u00e9crasante. Elles les observaient en silence, sans hostilit\u00e9, comme si elles attendaient.<\/p>\n\n\n\n<p>Nabil, au centre, sentit ses genoux ployer. Il posa la main sur sa poitrine et murmura d\u2019une voix tremblante :<\/p>\n\n\n\n<ul class=\"wp-block-list\">\n<li>\u00ab&nbsp;Que Dieu, nous prot\u00e8ge.&nbsp;\u00bb<\/li>\n<\/ul>\n\n\n\n<p>Les silhouettes s\u2019inclin\u00e8rent toutes \u00e0 ce mot, comme si elles l\u2019avaient reconnu. F\u00e9lix frissonna.<\/p>\n\n\n\n<p>Zabulon s\u2019assit entre eux et le sol, sa queue, vibrant lentement. Ses yeux flamboyants refl\u00e9taient la cit\u00e9 cristalline.<\/p>\n\n\n\n<ul class=\"wp-block-list\">\n<li>\u00ab&nbsp;Bienvenue, dit-il dans leurs esprits. Vous \u00eates arriv\u00e9s au seuil de la Cit\u00e9 des Origines. Ici, le temps et l\u2019espace n\u2019ob\u00e9issent plus aux lois que vous connaissiez. Ici, chaque pens\u00e9e devient pierre, chaque volont\u00e9 devient chemin.&nbsp;\u00bb<\/li>\n<\/ul>\n\n\n\n<p>F\u00e9lix d\u00e9glutit, soudain effray\u00e9 par l\u2019ampleur de ce qu\u2019il voyait.<\/p>\n\n\n\n<ul class=\"wp-block-list\">\n<li>\u00ab&nbsp;Et\u2026 qu\u2019est-ce qu\u2019on doit faire ici ?&nbsp;\u00bb<\/li>\n<\/ul>\n\n\n\n<p>Zabulon les fixa longuement, puis r\u00e9pondit d\u2019une voix grave :<\/p>\n\n\n\n<ul class=\"wp-block-list\">\n<li>\u00ab&nbsp;Ici, vous apprendrez que la plus grande \u00e9preuve n\u2019est pas de survivre\u2026 mais de devenir.&nbsp;\u00bb<\/li>\n<\/ul>\n\n\n\n<p>Un silence vibrant emplissait l\u2019air. La cit\u00e9, immense et myst\u00e9rieuse, les enveloppait d\u00e9sormais. Et au centre, l\u2019ob\u00e9lisque pulsait plus fort, comme s\u2019il battait au rythme de leurs propres c\u0153urs.<\/p>\n\n\n\n<p><a href=\"https:\/\/arifene.fr\/index.php\/2025\/12\/24\/les-aventures-du-chat-zabulon\/\">\u2b06\ufe0f<\/a><a href=\"https:\/\/arifene.fr\/index.php\/le-chat-zabulon-21-la-cite-des-origines\/\" data-type=\"page\" data-id=\"324\">\u27a1\ufe0f<\/a><\/p>\n","protected":false},"excerpt":{"rendered":"<p>Leurs mains li\u00e9es, ils franchirent ensemble le seuil lumineux. Aussit\u00f4t, une onde les traversa, chaude et glaciale \u00e0 la fois, comme si tout leur corps \u00e9tait retourn\u00e9. Mais au lieu du vertige qui les avait pris lors de la premi\u00e8re faille, cette fois, ce fut comme une pouss\u00e9e en avant : leurs pas ne ralentirent [&hellip;]<\/p>\n","protected":false},"author":1,"featured_media":0,"parent":0,"menu_order":0,"comment_status":"closed","ping_status":"closed","template":"","meta":{"footnotes":""},"class_list":["post-322","page","type-page","status-publish","hentry"],"_links":{"self":[{"href":"https:\/\/arifene.fr\/index.php\/wp-json\/wp\/v2\/pages\/322","targetHints":{"allow":["GET"]}}],"collection":[{"href":"https:\/\/arifene.fr\/index.php\/wp-json\/wp\/v2\/pages"}],"about":[{"href":"https:\/\/arifene.fr\/index.php\/wp-json\/wp\/v2\/types\/page"}],"author":[{"embeddable":true,"href":"https:\/\/arifene.fr\/index.php\/wp-json\/wp\/v2\/users\/1"}],"replies":[{"embeddable":true,"href":"https:\/\/arifene.fr\/index.php\/wp-json\/wp\/v2\/comments?post=322"}],"version-history":[{"count":3,"href":"https:\/\/arifene.fr\/index.php\/wp-json\/wp\/v2\/pages\/322\/revisions"}],"predecessor-version":[{"id":449,"href":"https:\/\/arifene.fr\/index.php\/wp-json\/wp\/v2\/pages\/322\/revisions\/449"}],"wp:attachment":[{"href":"https:\/\/arifene.fr\/index.php\/wp-json\/wp\/v2\/media?parent=322"}],"curies":[{"name":"wp","href":"https:\/\/api.w.org\/{rel}","templated":true}]}}