{"id":233,"date":"2025-12-27T14:01:50","date_gmt":"2025-12-27T14:01:50","guid":{"rendered":"https:\/\/arifene.fr\/?page_id=233"},"modified":"2026-01-03T13:46:24","modified_gmt":"2026-01-03T13:46:24","slug":"le-chat-zabulon-6-la-traversee","status":"publish","type":"page","link":"https:\/\/arifene.fr\/index.php\/le-chat-zabulon-6-la-traversee\/","title":{"rendered":"Le chat Zabulon &#8211; 6 &#8211;  La travers\u00e9e"},"content":{"rendered":"\n<p>Ce fut d\u2019abord une secousse, comme si leurs corps s\u2019\u00e9taient dissous dans une vague de chaleur. F\u00e9lix sentit ses os se liqu\u00e9fier, ses poumons s\u2019emplir d\u2019air dense, presque solide. Il tenta de crier, mais aucun son ne sortit.<\/p>\n\n\n\n<p>Autour d\u2019eux, la lumi\u00e8re n\u2019\u00e9tait pas uniforme. Elle se tordait, formant des spirales iris\u00e9es, comme des nappes d\u2019huile sur de l\u2019eau. Les couleurs changeaient sans cesse : bleu incandescent, vert acide, rouge sombre. Ambre l\u00e2cha un g\u00e9missement \u00e9touff\u00e9, serrant plus fort la main de F\u00e9lix.<\/p>\n\n\n\n<p>Nabil, lui, ferma les yeux. Ses l\u00e8vres murmuraient une pri\u00e8re, paisible, r\u00e9guli\u00e8re, comme une ancre dans ce chaos.<\/p>\n\n\n\n<ul class=\"wp-block-list\">\n<li>\u00abQue Dieu, nous prot\u00e8ge\u2026\u00bb<\/li>\n<\/ul>\n\n\n\n<p>F\u00e9lix sentit ses entrailles se renverser. Sa perception du temps \u00e9clatait en fragments : une seconde paraissait durer une heure, puis s\u2019\u00e9vaporer dans un battement de cil. Il voyait son bras se d\u00e9doubler, Ambre se d\u00e9multiplier en silhouettes floues, et Nabil devenir enfant, vieillard, puis adolescent \u00e0 nouveau, tout en un seul instant.<\/p>\n\n\n\n<p>Des voix r\u00e9sonnaient, lointaines, incompr\u00e9hensibles. Elles semblaient provenir \u00e0 la fois de l\u2019ext\u00e9rieur et de l\u2019int\u00e9rieur de son cr\u00e2ne. Des chuchotements, parfois des rires, parfois des larmes.<\/p>\n\n\n\n<p>Soudain, une vibration plus forte secoua leurs corps. Comme une bourrasque, mais sans vent. F\u00e9lix eut l\u2019impression d\u2019\u00eatre aspir\u00e9 \u00e0 travers l\u2019\u0153il d\u2019un cyclone. Son c\u0153ur battait \u00e0 tout rompre, ses oreilles bourdonnaient.<\/p>\n\n\n\n<p>Puis, tout s\u2019arr\u00eata.<\/p>\n\n\n\n<p>Ils bascul\u00e8rent lourdement sur un sol ferme. F\u00e9lix ouvrit les yeux en haletant. Autour de lui, l\u2019air \u00e9tait clair, presque cristallin. La poussi\u00e8re des d\u00e9combres avait disparu. Une odeur d\u2019herbes fra\u00eeches flottait.<\/p>\n\n\n\n<p>Ambre se redressa en silence, le regard \u00e9carquill\u00e9. Nabil, toujours agenouill\u00e9, achevait sa pri\u00e8re d\u2019une voix calme.<\/p>\n\n\n\n<p>Et l\u00e0, \u00e0 quelques pas devant eux, Zabulon les attendait. Ses yeux luisaient encore, mais moins violemment. Il s\u2019assit, sa queue battant doucement le sol, comme s\u2019il patientait depuis toujours.<\/p>\n\n\n\n<p>F\u00e9lix leva les yeux.<\/p>\n\n\n\n<p>Le monde de l\u2019autre c\u00f4t\u00e9 commen\u00e7ait \u00e0 se r\u00e9v\u00e9ler.<\/p>\n\n\n\n<p><a href=\"https:\/\/arifene.fr\/index.php\/2025\/12\/24\/les-aventures-du-chat-zabulon\/\">\u2b06\ufe0f<\/a><a href=\"https:\/\/arifene.fr\/index.php\/les-aventures-du-chat-zabulon-7-lautre-cote\/\" data-type=\"page\" data-id=\"239\">\u27a1\ufe0f<\/a><\/p>\n","protected":false},"excerpt":{"rendered":"<p>Ce fut d\u2019abord une secousse, comme si leurs corps s\u2019\u00e9taient dissous dans une vague de chaleur. F\u00e9lix sentit ses os se liqu\u00e9fier, ses poumons s\u2019emplir d\u2019air dense, presque solide. Il tenta de crier, mais aucun son ne sortit. Autour d\u2019eux, la lumi\u00e8re n\u2019\u00e9tait pas uniforme. Elle se tordait, formant des spirales iris\u00e9es, comme des nappes [&hellip;]<\/p>\n","protected":false},"author":1,"featured_media":0,"parent":0,"menu_order":0,"comment_status":"closed","ping_status":"closed","template":"","meta":{"footnotes":""},"class_list":["post-233","page","type-page","status-publish","hentry"],"_links":{"self":[{"href":"https:\/\/arifene.fr\/index.php\/wp-json\/wp\/v2\/pages\/233","targetHints":{"allow":["GET"]}}],"collection":[{"href":"https:\/\/arifene.fr\/index.php\/wp-json\/wp\/v2\/pages"}],"about":[{"href":"https:\/\/arifene.fr\/index.php\/wp-json\/wp\/v2\/types\/page"}],"author":[{"embeddable":true,"href":"https:\/\/arifene.fr\/index.php\/wp-json\/wp\/v2\/users\/1"}],"replies":[{"embeddable":true,"href":"https:\/\/arifene.fr\/index.php\/wp-json\/wp\/v2\/comments?post=233"}],"version-history":[{"count":8,"href":"https:\/\/arifene.fr\/index.php\/wp-json\/wp\/v2\/pages\/233\/revisions"}],"predecessor-version":[{"id":415,"href":"https:\/\/arifene.fr\/index.php\/wp-json\/wp\/v2\/pages\/233\/revisions\/415"}],"wp:attachment":[{"href":"https:\/\/arifene.fr\/index.php\/wp-json\/wp\/v2\/media?parent=233"}],"curies":[{"name":"wp","href":"https:\/\/api.w.org\/{rel}","templated":true}]}}