{"id":223,"date":"2025-12-25T10:07:02","date_gmt":"2025-12-25T10:07:02","guid":{"rendered":"https:\/\/arifene.fr\/?page_id=223"},"modified":"2026-01-03T15:16:22","modified_gmt":"2026-01-03T15:16:22","slug":"le-chat-zabulon-5-le-passage","status":"publish","type":"page","link":"https:\/\/arifene.fr\/index.php\/le-chat-zabulon-5-le-passage\/","title":{"rendered":"Le chat Zabulon &#8211; 5 &#8211; Le passage"},"content":{"rendered":"\n<p>La lueur de la fissure vibrait comme une respiration haletante. Chaque seconde, elle semblait se contracter, puis s\u2019\u00e9largir, comme un battement d\u2019ailes h\u00e9sitant. L\u2019air se chargeait d\u2019\u00e9lectricit\u00e9, piquant la peau et h\u00e9rissant les cheveux.<\/p>\n\n\n\n<p>F\u00e9lix, Ambre et Nabil restaient fig\u00e9s, incapables d\u2019avancer. Le temps suspendu les tenait prisonniers de leur peur.<\/p>\n\n\n\n<p>Alors, une ombre apparut dans l\u2019ouverture. Deux yeux phosphorescents brill\u00e8rent dans la p\u00e9nombre. Zabulon repassa sa t\u00eate par la faille.<\/p>\n\n\n\n<p>\u00ab&nbsp;D\u00e9p\u00eachez-vous&nbsp;\u00bb, gronda sa voix r\u00e9sonnante. \u00ab&nbsp;Le passage se referme.&nbsp;\u00bb<\/p>\n\n\n\n<p>Sa gueule ne bougeait pas, mais les mots claquaient dans leur esprit comme des ordres indiscutables. F\u00e9lix sentit ses jambes trembler. Ambre resserra sa main autour de la sienne, comme pour l\u2019emp\u00eacher de flancher. Nabil, lui, fron\u00e7a les sourcils et fit un pas en avant.<\/p>\n\n\n\n<p>\u00ab&nbsp;C\u2019est maintenant&nbsp;\u00bb, dit le gar\u00e7on. \u00ab&nbsp;Vous entendez ? M\u00eame votre chat le sait.&nbsp;\u00bb<\/p>\n\n\n\n<p>\u00ab&nbsp;Notre\u2026 chat&nbsp;\u00bb, souffla Ambre, comme pour v\u00e9rifier qu\u2019elle ne r\u00eavait pas.<\/p>\n\n\n\n<p>\u00ab&nbsp;Oui&nbsp;\u00bb, r\u00e9pondit F\u00e9lix, la voix bris\u00e9e. \u00ab&nbsp;Et il a l\u2019air de savoir o\u00f9 il va.&nbsp;\u00bb<\/p>\n\n\n\n<p>La fissure se mit \u00e0 vibrer plus fort. Des \u00e9clats de poussi\u00e8re tombaient du plafond, attir\u00e9s comme par une force invisible. Les contours lumineux se resserraient, se pliaient sur eux-m\u00eames.<\/p>\n\n\n\n<p>Zabulon \u00e9mit un miaulement bref, autoritaire.<\/p>\n\n\n\n<p>\u00ab&nbsp;Passez ! Maintenant !&nbsp;\u00bb<\/p>\n\n\n\n<p>Nabil s\u2019avan\u00e7a sans h\u00e9siter. Il se tourna une derni\u00e8re fois vers F\u00e9lix et Ambre, un \u00e9clat tranquille dans le regard.<\/p>\n\n\n\n<p>\u00ab&nbsp;Dieu veille&nbsp;\u00bb, murmura-t-il.<\/p>\n\n\n\n<p>Et il franchit le seuil, happ\u00e9 par la lumi\u00e8re.<\/p>\n\n\n\n<p>Ambre inspira profond\u00e9ment, serra la main de F\u00e9lix et l\u2019entra\u00eena avec elle.<\/p>\n\n\n\n<p>\u00ab&nbsp;Viens. On n\u2019a plus le choix.&nbsp;\u00bb<\/p>\n\n\n\n<p>F\u00e9lix r\u00e9sista une fraction de seconde, le souffle court, la peur au ventre. Puis il croisa les yeux ardents de Zabulon, et se laissa tirer.<\/p>\n\n\n\n<p>Tous trois plong\u00e8rent dans la faille au moment o\u00f9 ses parois se rejoignaient dans un claquement sourd. <\/p>\n\n\n\n<p>Le monde s\u2019effa\u00e7a derri\u00e8re eux.<\/p>\n\n\n\n<p><a href=\"https:\/\/arifene.fr\/index.php\/2025\/12\/24\/les-aventures-du-chat-zabulon\/\">\u2b06\ufe0f<\/a><a href=\"https:\/\/arifene.fr\/index.php\/le-chat-zabulon-6-la-traversee\/\" data-type=\"page\" data-id=\"233\">\u27a1\ufe0f<\/a><\/p>\n","protected":false},"excerpt":{"rendered":"<p>La lueur de la fissure vibrait comme une respiration haletante. Chaque seconde, elle semblait se contracter, puis s\u2019\u00e9largir, comme un battement d\u2019ailes h\u00e9sitant. L\u2019air se chargeait d\u2019\u00e9lectricit\u00e9, piquant la peau et h\u00e9rissant les cheveux. F\u00e9lix, Ambre et Nabil restaient fig\u00e9s, incapables d\u2019avancer. Le temps suspendu les tenait prisonniers de leur peur. Alors, une ombre apparut [&hellip;]<\/p>\n","protected":false},"author":1,"featured_media":0,"parent":0,"menu_order":0,"comment_status":"closed","ping_status":"closed","template":"","meta":{"footnotes":""},"class_list":["post-223","page","type-page","status-publish","hentry"],"_links":{"self":[{"href":"https:\/\/arifene.fr\/index.php\/wp-json\/wp\/v2\/pages\/223","targetHints":{"allow":["GET"]}}],"collection":[{"href":"https:\/\/arifene.fr\/index.php\/wp-json\/wp\/v2\/pages"}],"about":[{"href":"https:\/\/arifene.fr\/index.php\/wp-json\/wp\/v2\/types\/page"}],"author":[{"embeddable":true,"href":"https:\/\/arifene.fr\/index.php\/wp-json\/wp\/v2\/users\/1"}],"replies":[{"embeddable":true,"href":"https:\/\/arifene.fr\/index.php\/wp-json\/wp\/v2\/comments?post=223"}],"version-history":[{"count":8,"href":"https:\/\/arifene.fr\/index.php\/wp-json\/wp\/v2\/pages\/223\/revisions"}],"predecessor-version":[{"id":484,"href":"https:\/\/arifene.fr\/index.php\/wp-json\/wp\/v2\/pages\/223\/revisions\/484"}],"wp:attachment":[{"href":"https:\/\/arifene.fr\/index.php\/wp-json\/wp\/v2\/media?parent=223"}],"curies":[{"name":"wp","href":"https:\/\/api.w.org\/{rel}","templated":true}]}}