{"id":22,"date":"2025-12-19T07:57:57","date_gmt":"2025-12-19T07:57:57","guid":{"rendered":"https:\/\/arifene.fr\/?page_id=22"},"modified":"2025-12-22T13:21:32","modified_gmt":"2025-12-22T13:21:32","slug":"charte-du-droit-de-reponse","status":"publish","type":"page","link":"https:\/\/arifene.fr\/index.php\/charte-du-droit-de-reponse\/","title":{"rendered":"Charte du droit de r\u00e9ponse"},"content":{"rendered":"\n<div class=\"wp-block-columns is-layout-flex wp-container-core-columns-is-layout-28f84493 wp-block-columns-is-layout-flex\">\n<div class=\"wp-block-column is-layout-flow wp-block-column-is-layout-flow\" style=\"flex-basis:66.66%\">\n<p class=\"has-text-align-left\"><br>Ce site publie des textes engageant la responsabilit\u00e9 de leur auteur. Ils sont propos\u00e9s comme des contributions \u00e0 la r\u00e9flexion, non comme des v\u00e9rit\u00e9s impos\u00e9es. Dans cet esprit, un droit de r\u00e9ponse est propos\u00e9 pour chaque publication, dans le respect du cadre l\u00e9gal en vigueur.<br><br>Ce droit de r\u00e9ponse s\u2019exerce de mani\u00e8re priv\u00e9e, par le biais du formulaire de contact ou de l\u2019adresse indiqu\u00e9e. Il permet l\u2019expression d\u2019un d\u00e9saccord argument\u00e9, d\u2019une correction factuelle ou d\u2019un \u00e9clairage compl\u00e9mentaire.<br><br>Hors des cas pr\u00e9vus par la loi, le droit de r\u00e9ponse n\u2019implique ni d\u00e9bat public, ni obligation de publication, ni engagement de r\u00e9ponse syst\u00e9matique. Il n\u2019a pas vocation \u00e0 nourrir la pol\u00e9mique, mais \u00e0 pr\u00e9server un espace de parole respectueux et responsable.<br><br>Les messages relevant de l\u2019invective, de l\u2019attaque personnelle, de la pression id\u00e9ologique ou de la mise en cause injurieuse ne seront pas pris en consid\u00e9ration. Lorsque cela est jug\u00e9 pertinent, une r\u00e9ponse ou une correction pourra \u00eatre apport\u00e9e par l\u2019auteur, \u00e0 sa seule appr\u00e9ciation, dans le respect de l\u2019int\u00e9grit\u00e9 des textes publi\u00e9s.<br><br>Ce cadre n\u2019est pas une fermeture. Il est une condition de s\u00e9rieux, de calme et de fid\u00e9lit\u00e9 au sens.<\/p>\n<\/div>\n\n\n\n<div class=\"wp-block-column is-layout-flow wp-block-column-is-layout-flow\" style=\"flex-basis:33.33%\">\n<div class=\"wpcf7 no-js\" id=\"wpcf7-f70-o1\" lang=\"fr-FR\" dir=\"ltr\" data-wpcf7-id=\"70\">\n<div class=\"screen-reader-response\"><p role=\"status\" aria-live=\"polite\" aria-atomic=\"true\"><\/p> <ul><\/ul><\/div>\n<form action=\"\/index.php\/wp-json\/wp\/v2\/pages\/22#wpcf7-f70-o1\" method=\"post\" class=\"wpcf7-form init\" aria-label=\"Formulaire de contact\" novalidate=\"novalidate\" data-status=\"init\">\n<fieldset class=\"hidden-fields-container\"><input type=\"hidden\" name=\"_wpcf7\" value=\"70\" \/><input type=\"hidden\" name=\"_wpcf7_version\" value=\"6.1.5\" \/><input type=\"hidden\" name=\"_wpcf7_locale\" value=\"fr_FR\" \/><input type=\"hidden\" name=\"_wpcf7_unit_tag\" value=\"wpcf7-f70-o1\" \/><input type=\"hidden\" name=\"_wpcf7_container_post\" value=\"0\" \/><input type=\"hidden\" name=\"_wpcf7_posted_data_hash\" value=\"\" \/>\n<\/fieldset>\n<p><br \/>\nCe formulaire est destin\u00e9 \u00e0 l'exercice du droit de r\u00e9ponse,<br \/>\ntel que d\u00e9fini dans la charte-du-droit-de-reponse ci dessus\n<\/p>\n<p><br \/>\n<label>Nom ou pseudonyme (obligatoire)<br \/>\n<span class=\"wpcf7-form-control-wrap\" data-name=\"your-name\"><input size=\"40\" maxlength=\"400\" class=\"wpcf7-form-control wpcf7-text wpcf7-validates-as-required\" aria-required=\"true\" aria-invalid=\"false\" value=\"\" type=\"text\" name=\"your-name\" \/><\/span><\/label>\n<\/p>\n<p><br \/>\n<label>Adresse e-mail (obligatoire)<br \/>\n<span class=\"wpcf7-form-control-wrap\" data-name=\"your-email\"><input size=\"40\" maxlength=\"400\" class=\"wpcf7-form-control wpcf7-email wpcf7-validates-as-required wpcf7-text wpcf7-validates-as-email\" aria-required=\"true\" aria-invalid=\"false\" value=\"\" type=\"email\" name=\"your-email\" \/><\/span><\/label>\n<\/p>\n<p><br \/>\n<label>Article concern\u00e9<br \/>\n<span class=\"wpcf7-form-control-wrap\" data-name=\"article_title\"><input size=\"40\" maxlength=\"400\" class=\"wpcf7-form-control wpcf7-text\" id=\"article_title\" readonly=\"readonly\" aria-invalid=\"false\" value=\"\" type=\"text\" name=\"article_title\" \/><\/span><br \/>\n<\/label>\n<\/p>\n<p><br \/>\n<label>Votre r\u00e9ponse ou pr\u00e9cision<br \/>\n<span class=\"wpcf7-form-control-wrap\" data-name=\"your-message\"><textarea cols=\"40\" rows=\"10\" maxlength=\"2000\" class=\"wpcf7-form-control wpcf7-textarea wpcf7-validates-as-required\" aria-required=\"true\" aria-invalid=\"false\" name=\"your-message\"><\/textarea><\/span><\/label>\n<\/p>\n<p><br \/>\n<input class=\"wpcf7-form-control wpcf7-submit has-spinner\" type=\"submit\" value=\"Envoyer ma r\u00e9ponse\" \/>\n<\/p><div class=\"wpcf7-response-output\" aria-hidden=\"true\"><\/div>\n<\/form>\n<\/div>\n\n<\/div>\n<\/div>\n","protected":false},"excerpt":{"rendered":"<p>Ce site publie des textes engageant la responsabilit\u00e9 de leur auteur. Ils sont propos\u00e9s comme des contributions \u00e0 la r\u00e9flexion, non comme des v\u00e9rit\u00e9s impos\u00e9es. Dans cet esprit, un droit de r\u00e9ponse est propos\u00e9 pour chaque publication, dans le respect du cadre l\u00e9gal en vigueur. Ce droit de r\u00e9ponse s\u2019exerce de mani\u00e8re priv\u00e9e, par le [&hellip;]<\/p>\n","protected":false},"author":1,"featured_media":0,"parent":0,"menu_order":0,"comment_status":"closed","ping_status":"closed","template":"","meta":{"footnotes":""},"class_list":["post-22","page","type-page","status-publish","hentry"],"jetpack_sharing_enabled":true,"_links":{"self":[{"href":"https:\/\/arifene.fr\/index.php\/wp-json\/wp\/v2\/pages\/22","targetHints":{"allow":["GET"]}}],"collection":[{"href":"https:\/\/arifene.fr\/index.php\/wp-json\/wp\/v2\/pages"}],"about":[{"href":"https:\/\/arifene.fr\/index.php\/wp-json\/wp\/v2\/types\/page"}],"author":[{"embeddable":true,"href":"https:\/\/arifene.fr\/index.php\/wp-json\/wp\/v2\/users\/1"}],"replies":[{"embeddable":true,"href":"https:\/\/arifene.fr\/index.php\/wp-json\/wp\/v2\/comments?post=22"}],"version-history":[{"count":16,"href":"https:\/\/arifene.fr\/index.php\/wp-json\/wp\/v2\/pages\/22\/revisions"}],"predecessor-version":[{"id":162,"href":"https:\/\/arifene.fr\/index.php\/wp-json\/wp\/v2\/pages\/22\/revisions\/162"}],"wp:attachment":[{"href":"https:\/\/arifene.fr\/index.php\/wp-json\/wp\/v2\/media?parent=22"}],"curies":[{"name":"wp","href":"https:\/\/api.w.org\/{rel}","templated":true}]}}