{"id":208,"date":"2025-12-25T07:04:16","date_gmt":"2025-12-25T07:04:16","guid":{"rendered":"https:\/\/arifene.fr\/?page_id=208"},"modified":"2026-01-03T13:36:49","modified_gmt":"2026-01-03T13:36:49","slug":"les-aventures-du-chat-zabulon-3-la-metamorphose","status":"publish","type":"page","link":"https:\/\/arifene.fr\/index.php\/les-aventures-du-chat-zabulon-3-la-metamorphose\/","title":{"rendered":"Le chat Zabulon &#8211; 3 &#8211; La m\u00e9tamorphose"},"content":{"rendered":"\n<p>F\u00e9lix n\u2019avait pas encore trouv\u00e9 les mots. Ambre, sa voisine, \u00e9tait l\u00e0, juste devant lui, coinc\u00e9e elle aussi dans les d\u00e9combres, mais droite, les yeux brillants malgr\u00e9 la poussi\u00e8re qui recouvrait son visage. Elle avait toujours d\u00e9gag\u00e9 une assurance intimidante, et \u00e0 cet instant, m\u00eame au c\u0153ur du chaos, elle conservait cette force tranquille.<\/p>\n\n\n\n<p>\u00abTu es vivant\u00bb, souffla-t-elle. \u00abJ\u2019ai cru entendre ta voix\u2026 et puis ce chat\u2026\u00bb<\/p>\n\n\n\n<p>Elle marqua une pause, fixant Zabulon.<\/p>\n\n\n\n<p>Le chat s\u2019\u00e9tait avanc\u00e9 sur les gravats, la queue basse, les yeux phosphorescents. L\u2019\u00e9clat verdoyant qui en jaillissait \u00e9clairait par instants les parois effondr\u00e9es, comme une lampe \u00e9trange. Ambre \u00e9carquilla les yeux, fascin\u00e9e.<\/p>\n\n\n\n<p>\u00abTu vois \u00e7a aussi ?\u00bb balbutia F\u00e9lix, soulag\u00e9 de ne pas \u00eatre fou.<\/p>\n\n\n\n<p>Ambre hocha lentement la t\u00eate.<\/p>\n\n\n\n<p>Zabulon s\u2019assit, la t\u00eate droite, et sa voix r\u00e9sonna \u00e0 nouveau, claire et grave, sans que sa gueule ne bouge :<\/p>\n\n\n\n<p>\u00abLe monde n\u2019est plus le m\u00eame. Une porte s\u2019est ouverte. Vous devez choisir.\u00bb<\/p>\n\n\n\n<p>F\u00e9lix sentit un frisson courir le long de sa colonne vert\u00e9brale. Ambre, elle, plissa les yeux, comme si elle refusait de c\u00e9der \u00e0 la peur.<\/p>\n\n\n\n<p>\u00abUne porte ? Quelle porte ?\u00bb demanda-t-elle.<\/p>\n\n\n\n<p>Le sol vibra l\u00e9g\u00e8rement, pas comme un s\u00e9isme, mais comme une pulsation. Derri\u00e8re les gravats, une fissure sombre s\u2019\u00e9largit. De son c\u0153ur jaillissait une lueur mouvante, iris\u00e9e, tant\u00f4t bleue, tant\u00f4t dor\u00e9e, comme une aurore miniature emprisonn\u00e9e dans la pierre. L\u2019air vibrait d\u2019une chaleur \u00e9trange.<\/p>\n\n\n\n<p>F\u00e9lix recula d\u2019un pas, pris de vertige. Ambre, au contraire, avan\u00e7a d\u2019un geste assur\u00e9.<\/p>\n\n\n\n<p>\u00abCe n\u2019est pas une fissure ordinaire\u00bb murmura-t-elle. \u00abOn dirait\u2026 un passage.\u00bb<\/p>\n\n\n\n<p>Zabulon planta son regard dans celui de F\u00e9lix, puis dans celui d\u2019Ambre.<\/p>\n\n\n\n<p>\u00abVous \u00eates appel\u00e9s\u00bb, dit-il simplement.<\/p>\n\n\n\n<p>F\u00e9lix d\u00e9glutit.<\/p>\n\n\n\n<p>\u00abAppel\u00e9s\u2026 par qui ?\u00bb<\/p>\n\n\n\n<p>Le chat pencha la t\u00eate, ses yeux semblant s\u2019embraser.<\/p>\n\n\n\n<p>\u00abPar l\u2019autre c\u00f4t\u00e9.\u00bb<\/p>\n\n\n\n<p>Un souffle invisible se mit \u00e0 glisser \u00e0 travers la fissure, comme une respiration. F\u00e9lix, tremblant, tendit la main vers Ambre. Elle h\u00e9sita une seconde, puis l\u2019attrapa fermement.<\/p>\n\n\n\n<p>Et Zabulon, d\u2019un bond souple, franchit le premier la lueur de la faille.<\/p>\n\n\n\n<p><a href=\"https:\/\/arifene.fr\/index.php\/2025\/12\/24\/les-aventures-du-chat-zabulon\/\">\u2b06\ufe0f<\/a><a href=\"https:\/\/arifene.fr\/index.php\/les-aventures-du-chat-zabulon-4-le-survivant\/\" data-type=\"page\" data-id=\"218\">\u27a1\ufe0f<\/a><\/p>\n","protected":false},"excerpt":{"rendered":"<p>F\u00e9lix n\u2019avait pas encore trouv\u00e9 les mots. Ambre, sa voisine, \u00e9tait l\u00e0, juste devant lui, coinc\u00e9e elle aussi dans les d\u00e9combres, mais droite, les yeux brillants malgr\u00e9 la poussi\u00e8re qui recouvrait son visage. Elle avait toujours d\u00e9gag\u00e9 une assurance intimidante, et \u00e0 cet instant, m\u00eame au c\u0153ur du chaos, elle conservait cette force tranquille. \u00abTu [&hellip;]<\/p>\n","protected":false},"author":1,"featured_media":0,"parent":0,"menu_order":0,"comment_status":"closed","ping_status":"closed","template":"","meta":{"footnotes":""},"class_list":["post-208","page","type-page","status-publish","hentry"],"_links":{"self":[{"href":"https:\/\/arifene.fr\/index.php\/wp-json\/wp\/v2\/pages\/208","targetHints":{"allow":["GET"]}}],"collection":[{"href":"https:\/\/arifene.fr\/index.php\/wp-json\/wp\/v2\/pages"}],"about":[{"href":"https:\/\/arifene.fr\/index.php\/wp-json\/wp\/v2\/types\/page"}],"author":[{"embeddable":true,"href":"https:\/\/arifene.fr\/index.php\/wp-json\/wp\/v2\/users\/1"}],"replies":[{"embeddable":true,"href":"https:\/\/arifene.fr\/index.php\/wp-json\/wp\/v2\/comments?post=208"}],"version-history":[{"count":6,"href":"https:\/\/arifene.fr\/index.php\/wp-json\/wp\/v2\/pages\/208\/revisions"}],"predecessor-version":[{"id":411,"href":"https:\/\/arifene.fr\/index.php\/wp-json\/wp\/v2\/pages\/208\/revisions\/411"}],"wp:attachment":[{"href":"https:\/\/arifene.fr\/index.php\/wp-json\/wp\/v2\/media?parent=208"}],"curies":[{"name":"wp","href":"https:\/\/api.w.org\/{rel}","templated":true}]}}