{"id":197,"date":"2025-12-24T16:48:51","date_gmt":"2025-12-24T16:48:51","guid":{"rendered":"https:\/\/arifene.fr\/?page_id=197"},"modified":"2026-01-03T13:33:07","modified_gmt":"2026-01-03T13:33:07","slug":"les-aventures-du-chat-zabulon-1-le-reveil","status":"publish","type":"page","link":"https:\/\/arifene.fr\/index.php\/les-aventures-du-chat-zabulon-1-le-reveil\/","title":{"rendered":"Le chat Zabulon &#8211; 1- Le r\u00e9veil"},"content":{"rendered":"\n<p>Au moment o\u00f9 F\u00e9lix ouvrit les yeux, la nuit r\u00e9gnait encore. Rien n\u2019expliquait ce r\u00e9veil pr\u00e9matur\u00e9 : ni cauchemar, ni bruit dans l\u2019appartement. Le r\u00e9veil, muet, n\u2019avait pas sonn\u00e9. Pourtant, une intuition sourde l\u2019alertait, comme si quelque chose r\u00f4dait \u00e0 la fronti\u00e8re de son sommeil.<\/p>\n\n\n\n<p>Il alluma machinalement la t\u00e9l\u00e9vision : les cha\u00eenes d\u2019info diffusaient les m\u00eames images, les m\u00eames commentaires recycl\u00e9s. Rien d\u2019anormal. Et pourtant\u2026<\/p>\n\n\n\n<p>Dans le fauteuil, Zabulon le chat, d\u00e9j\u00e0 \u00e9veill\u00e9, le fixait. Lui qui d\u2019ordinaire \u00e9tirait longuement ses pattes avant de se lever, restait immobile, le dos arqu\u00e9. Ses oreilles point\u00e9es vers l\u2019invisible traduisaient une inqui\u00e9tude inhabituelle. F\u00e9lix pensa : \u00ab Est-ce qu\u2019il sent quelque chose ? \u00bb <\/p>\n\n\n\n<p>Le sol vibra soudain sous ses pieds. L\u2019\u00e9cran du t\u00e9l\u00e9viseur accroch\u00e9 au mur trembla comme une feuille. F\u00e9lix se redressa brusquement. Zabulon bondit hors du fauteuil et disparut dessous, sifflant de frayeur.<\/p>\n\n\n\n<p>Alors, tout se mit \u00e0 basculer :<\/p>\n\n\n\n<p>Un grondement sourd monta des entrailles de la terre, le plafond s\u2019effondra dans un fracas assourdissant, l\u2019air se chargea de poussi\u00e8re. Par r\u00e9flexe, F\u00e9lix plongea sous la table en bois massif du salon. Ses poumons s\u2019emplirent de nuages de pl\u00e2tre et de b\u00e9ton pulv\u00e9ris\u00e9s. Une canalisation \u00e9clat\u00e9e cracha un jet d\u2019eau glac\u00e9e qui noya le silence, ruisselant sur les gravats. Peu \u00e0 peu, l\u2019eau calma la poussi\u00e8re, formant une boue lourde. Puis le vacarme cessa.<\/p>\n\n\n\n<p>Un silence anormal s\u2019installa.<\/p>\n\n\n\n<p><a href=\"https:\/\/arifene.fr\/index.php\/2025\/12\/24\/les-aventures-du-chat-zabulon\/\">\u2b06\ufe0f<\/a><a href=\"https:\/\/arifene.fr\/index.php\/les-aventures-du-chat-zabulon-2-le-silence-des-decombres\/\" data-type=\"page\" data-id=\"202\">\u27a1\ufe0f<\/a><\/p>\n\n\n\n<p><\/p>\n","protected":false},"excerpt":{"rendered":"<p>Au moment o\u00f9 F\u00e9lix ouvrit les yeux, la nuit r\u00e9gnait encore. Rien n\u2019expliquait ce r\u00e9veil pr\u00e9matur\u00e9 : ni cauchemar, ni bruit dans l\u2019appartement. Le r\u00e9veil, muet, n\u2019avait pas sonn\u00e9. Pourtant, une intuition sourde l\u2019alertait, comme si quelque chose r\u00f4dait \u00e0 la fronti\u00e8re de son sommeil. Il alluma machinalement la t\u00e9l\u00e9vision : les cha\u00eenes d\u2019info diffusaient [&hellip;]<\/p>\n","protected":false},"author":1,"featured_media":0,"parent":0,"menu_order":0,"comment_status":"closed","ping_status":"closed","template":"","meta":{"footnotes":""},"class_list":["post-197","page","type-page","status-publish","hentry"],"_links":{"self":[{"href":"https:\/\/arifene.fr\/index.php\/wp-json\/wp\/v2\/pages\/197","targetHints":{"allow":["GET"]}}],"collection":[{"href":"https:\/\/arifene.fr\/index.php\/wp-json\/wp\/v2\/pages"}],"about":[{"href":"https:\/\/arifene.fr\/index.php\/wp-json\/wp\/v2\/types\/page"}],"author":[{"embeddable":true,"href":"https:\/\/arifene.fr\/index.php\/wp-json\/wp\/v2\/users\/1"}],"replies":[{"embeddable":true,"href":"https:\/\/arifene.fr\/index.php\/wp-json\/wp\/v2\/comments?post=197"}],"version-history":[{"count":5,"href":"https:\/\/arifene.fr\/index.php\/wp-json\/wp\/v2\/pages\/197\/revisions"}],"predecessor-version":[{"id":407,"href":"https:\/\/arifene.fr\/index.php\/wp-json\/wp\/v2\/pages\/197\/revisions\/407"}],"wp:attachment":[{"href":"https:\/\/arifene.fr\/index.php\/wp-json\/wp\/v2\/media?parent=197"}],"curies":[{"name":"wp","href":"https:\/\/api.w.org\/{rel}","templated":true}]}}