{"id":13,"date":"2025-12-19T07:14:01","date_gmt":"2025-12-19T07:14:01","guid":{"rendered":"https:\/\/arifene.fr\/?page_id=13"},"modified":"2025-12-19T07:41:18","modified_gmt":"2025-12-19T07:41:18","slug":"accueil","status":"publish","type":"page","link":"https:\/\/arifene.fr\/","title":{"rendered":"Accueil"},"content":{"rendered":"\n<p><strong>Je suis Sidoine Arifene.<\/strong><\/p>\n\n\n\n<p>Il existe des lieux qui ne recherchent ni le tumulte, ni l\u2019approbation, ni la vitesse.<br>Ce site en fait partie.<\/p>\n\n\n\n<p>Ici, les mots ne sont pas des armes, mais des instruments de compr\u00e9hension.<br>Ils servent \u00e0 regarder en face ce qui m\u00e9rite de l\u2019\u00eatre :<br>le monde tel qu\u2019il est, l\u2019homme dans son existence, et les trajectoires possibles entre les deux.<\/p>\n\n\n\n<p>Ce blog se veut un espace d\u2019expression libre, rigoureux, parfois critique, toujours sinc\u00e8re.<br>Chaque texte engage son auteur, et <strong>ouvre, lorsqu\u2019il y a lieu, un droit de r\u00e9ponse exerc\u00e9 dans un cadre respectueux et non public<\/strong><strong>.<\/strong><\/p>\n\n\n\n<p>On y aborde la soci\u00e9t\u00e9, la politique, l\u2019\u00e9cologie, la dignit\u00e9 humaine,<br>mais aussi la conscience, la responsabilit\u00e9, et ce lien discret qui unit l\u2019individu au collectif.<\/p>\n\n\n\n<p>Rien n\u2019est \u00e9crit pour persuader \u00e0 tout prix.<br>Rien n\u2019est publi\u00e9 pour flatter l\u2019esprit du moment.<\/p>\n\n\n\n<p>Les textes propos\u00e9s ici s\u2019adressent \u00e0 celles et ceux qui prennent le temps de lire,<br>de questionner, et de r\u00e9fl\u00e9chir.<\/p>\n\n\n\n<p>Bienvenue.<br>Prenez le temps.<\/p>\n","protected":false},"excerpt":{"rendered":"<p>Je suis Sidoine Arifene. Il existe des lieux qui ne recherchent ni le tumulte, ni l\u2019approbation, ni la vitesse.Ce site en fait partie. Ici, les mots ne sont pas des armes, mais des instruments de compr\u00e9hension.Ils servent \u00e0 regarder en face ce qui m\u00e9rite de l\u2019\u00eatre :le monde tel qu\u2019il est, l\u2019homme dans son existence, [&hellip;]<\/p>\n","protected":false},"author":1,"featured_media":0,"parent":0,"menu_order":0,"comment_status":"closed","ping_status":"closed","template":"","meta":{"footnotes":""},"class_list":["post-13","page","type-page","status-publish","hentry"],"jetpack_sharing_enabled":true,"_links":{"self":[{"href":"https:\/\/arifene.fr\/index.php\/wp-json\/wp\/v2\/pages\/13","targetHints":{"allow":["GET"]}}],"collection":[{"href":"https:\/\/arifene.fr\/index.php\/wp-json\/wp\/v2\/pages"}],"about":[{"href":"https:\/\/arifene.fr\/index.php\/wp-json\/wp\/v2\/types\/page"}],"author":[{"embeddable":true,"href":"https:\/\/arifene.fr\/index.php\/wp-json\/wp\/v2\/users\/1"}],"replies":[{"embeddable":true,"href":"https:\/\/arifene.fr\/index.php\/wp-json\/wp\/v2\/comments?post=13"}],"version-history":[{"count":6,"href":"https:\/\/arifene.fr\/index.php\/wp-json\/wp\/v2\/pages\/13\/revisions"}],"predecessor-version":[{"id":153,"href":"https:\/\/arifene.fr\/index.php\/wp-json\/wp\/v2\/pages\/13\/revisions\/153"}],"wp:attachment":[{"href":"https:\/\/arifene.fr\/index.php\/wp-json\/wp\/v2\/media?parent=13"}],"curies":[{"name":"wp","href":"https:\/\/api.w.org\/{rel}","templated":true}]}}